{"id":9,"date":"2010-01-11T19:03:20","date_gmt":"2010-01-11T19:03:20","guid":{"rendered":"http:\/\/www.tierphotografie.com\/?page_id=9"},"modified":"2015-06-20T17:48:38","modified_gmt":"2015-06-20T16:48:38","slug":"impressum","status":"publish","type":"page","link":"https:\/\/www.tierphotografie.com\/?page_id=9","title":{"rendered":"Impressum"},"content":{"rendered":"<p style=\"text-align: center;\">Verantwortlich f\u00fcr den Inhalt dieser Webseite ist<\/p>\n<p style=\"text-align: center;\">Angela M\u00fcnzel-Hashish<br \/>\nPriorberg 37<br \/>\n72160 Horb am Neckar<\/p>\n<p style=\"text-align: center;\">angela.tierfotografie@googlemail.com<\/p>\n<p style=\"text-align: center;\">Tel: 07482\/929739<br \/>\nMobil: 0179\/7649006<\/p>\n<p style=\"text-align: center;\">Steuernr.: 42270\/01669<\/p>\n<p style=\"text-align: center;\">nach \u00a7 19 Abs. 1 UStG ist die Fotografin als Kleinunternehmer nicht umsatzsteuerpflichtig.<\/p>\n<p style=\"text-align: center;\"><strong>Urheberrecht<\/strong><\/p>\n<p style=\"text-align: center;\">Das Copyright f\u00fcr den Inhalt dieser Webseite einschlie\u00dflich der Texte und Fotos unterliegt Angela M\u00fcnzel-Hashish. Das Kopieren oder Verwenden von Teilen davon ist nicht gestattet. Ferner d\u00fcrfen die gezeigten Fotos nur mit schriftlicher Genehmigung von mir genutzt werden. Im Falle eines Versto\u00dfes behalte ich mir vor, rechtliche Schritte einzuleiten.<\/p>\n<p style=\"text-align: center;\">Bei Interesse an den hier ver\u00f6ffentlichten Fotos, bitte ich Sie, mich telefonisch oder per Mail zu kontaktieren. Die Konditionen f\u00fcr die private oder gewerbliche Nutzung von Fotos lasse ich Ihnen gerne auf Anfrage zukommen:\u00a0<a href=\"http:\/\/www.tierphotografie.com\/?page_id=8\"><span style=\"color: #ff0000;\"><strong>Kontakt<\/strong><\/span><\/a>.<\/p>\n<p>&nbsp;<\/p>\n<p>&nbsp;<\/p>\n<p>&nbsp;<\/p>\n<p>&nbsp;<\/p>\n<p style=\"text-decoration: underline; text-align: center;\"><span style=\"text-decoration: none;\"><strong><span style=\"text-decoration: underline;\">Haftungsausschlu\u00df<\/span><\/strong><\/span><\/p>\n<p>&nbsp;<\/p>\n<p style=\"text-align: center;\"><span style=\"text-decoration: none;\"><strong><span style=\"font-size: x-small;\">Inhalt des Onlineangebotes<\/span><\/strong><br \/>\nDer Autor \u00fcbernimmt keinerlei Gew\u00e4hr f\u00fcr die Aktualit\u00e4t, Korrektheit, Vollst\u00e4ndigkeit oder Qualit\u00e4t der bereitgestellten Informationen. Haftungsanspr\u00fcche gegen den Autor, welche sich auf Sch\u00e4den materieller oder ideeller Art beziehen, die durch die Nutzung oder Nichtnutzung der dargebotenen Informationen bzw. durch die Nutzung fehlerhafter und unvollst\u00e4ndiger Informationen verursacht wurden, sind grunds\u00e4tzlich ausgeschlossen, sofern seitens des Autors kein nachweislich vors\u00e4tzliches oder grob fahrl\u00e4ssiges Verschulden vorliegt.<br \/>\nAlle Angebote sind freibleibend und unverbindlich. Der Autor beh\u00e4lt es sich ausdr\u00fccklich vor, Teile der Seiten oder das gesamte Angebot ohne gesonderte Ank\u00fcndigung zu ver\u00e4ndern, zu erg\u00e4nzen, zu l\u00f6schen oder die Ver\u00f6ffentlichung zeitweise oder endg\u00fcltig einzustellen.<\/span><\/p>\n<p style=\"text-align: center;\"><span style=\"text-decoration: none;\"><strong><span style=\"font-size: x-small;\">Verweise und Links<\/span><\/strong><br \/>\nBei direkten oder indirekten Verweisen auf fremde Webseiten (&#8222;Hyperlinks&#8220;), die au\u00dferhalb des Verantwortungsbereiches des Autors liegen, w\u00fcrde eine Haftungsverpflichtung ausschlie\u00dflich in dem Fall in Kraft treten, in dem der Autor von den Inhalten Kenntnis hat und es ihm technisch m\u00f6glich und zumutbar w\u00e4re, die Nutzung im Falle rechtswidriger Inhalte zu verhindern.<br \/>\nDer Autor erkl\u00e4rt hiermit ausdr\u00fccklich, dass zum Zeitpunkt der Linksetzung keine illegalen Inhalte auf den zu verlinkenden Seiten erkennbar waren. Auf die aktuelle und zuk\u00fcnftige Gestaltung, die Inhalte oder die Urheberschaft der verlinkten\/verkn\u00fcpften Seiten hat der Autor keinerlei Einfluss. Deshalb distanziert er sich hiermit ausdr\u00fccklich von allen Inhalten aller verlinkten \/verkn\u00fcpften Seiten, die nach der Linksetzung ver\u00e4ndert wurden. Diese Feststellung gilt f\u00fcr alle innerhalb des eigenen Internetangebotes gesetzten Links und Verweise sowie f\u00fcr Fremdeintr\u00e4ge in vom Autor eingerichteten G\u00e4steb\u00fcchern, Diskussionsforen, Linkverzeichnissen, Mailinglisten und in allen anderen Formen von Datenbanken, auf deren Inhalt externe Schreibzugriffe m\u00f6glich sind. F\u00fcr illegale, fehlerhafte oder unvollst\u00e4ndige Inhalte und insbesondere f\u00fcr Sch\u00e4den, die aus der Nutzung oder Nichtnutzung solcherart dargebotener Informationen entstehen, haftet allein der Anbieter der Seite, auf welche verwiesen wurde, nicht derjenige, der \u00fcber Links auf die jeweilige Ver\u00f6ffentlichung lediglich verweist.<\/span><\/p>\n<p style=\"text-align: center;\"><span style=\"text-decoration: none;\"><strong><span style=\"font-size: x-small;\">Datenschutz<\/span><\/strong><br \/>\nSofern innerhalb des Internetangebotes die M\u00f6glichkeit zur Eingabe pers\u00f6nlicher oder gesch\u00e4ftlicher Daten (Emailadressen, Namen, Anschriften) besteht, so erfolgt die Preisgabe dieser Daten seitens des Nutzers auf ausdr\u00fccklich freiwilliger Basis. Die Inanspruchnahme und Bezahlung aller angebotenen Dienste ist &#8211; soweit technisch m\u00f6glich und zumutbar &#8211; auch ohne Angabe solcher Daten bzw. unter Angabe anonymisierter Daten oder eines Pseudonyms gestattet. Die Nutzung der im Rahmen des Impressums oder vergleichbarer Angaben ver\u00f6ffentlichten Kontaktdaten wie Postanschriften, Telefon- und Faxnummern sowie Emailadressen durch Dritte zur \u00dcbersendung von nicht ausdr\u00fccklich angeforderten Informationen ist nicht gestattet. Rechtliche Schritte gegen die Versender von sogenannten Spam-Mails bei Verst\u00f6ssen gegen dieses Verbot sind ausdr\u00fccklich vorbehalten.<\/span><\/p>\n<p style=\"text-align: center;\"><span style=\"text-decoration: none;\"><strong><span style=\"font-size: x-small;\">Rechtswirksamkeit dieses Haftungsausschlusses<\/span><\/strong><br \/>\nDieser Haftungsausschluss ist als Teil des Internetangebotes zu betrachten, von dem aus auf diese Seite verwiesen wurde. Sofern Teile oder einzelne Formulierungen dieses Textes der geltenden Rechtslage nicht, nicht mehr oder nicht vollst\u00e4ndig entsprechen sollten, bleiben die \u00fcbrigen Teile des Dokumentes in ihrem Inhalt und ihrer G\u00fcltigkeit davon unber\u00fchrt.<\/span><\/p>\n","protected":false},"excerpt":{"rendered":"<p>Verantwortlich f\u00fcr den Inhalt dieser Webseite ist Angela M\u00fcnzel-Hashish Priorberg 37 72160 Horb am Neckar angela.tierfotografie@googlemail.com Tel: 07482\/929739 Mobil: 0179\/7649006 Steuernr.: 42270\/01669 nach \u00a7 19 Abs. 1 UStG ist die Fotografin als Kleinunternehmer nicht umsatzsteuerpflichtig. Urheberrecht Das Copyright f\u00fcr den Inhalt dieser Webseite einschlie\u00dflich der Texte und Fotos unterliegt Angela M\u00fcnzel-Hashish. Das Kopieren oder Verwenden [&hellip;]<\/p>\n","protected":false},"author":1,"featured_media":0,"parent":0,"menu_order":11,"comment_status":"closed","ping_status":"open","template":"","meta":{"ngg_post_thumbnail":0,"footnotes":""},"_links":{"self":[{"href":"https:\/\/www.tierphotografie.com\/index.php?rest_route=\/wp\/v2\/pages\/9"}],"collection":[{"href":"https:\/\/www.tierphotografie.com\/index.php?rest_route=\/wp\/v2\/pages"}],"about":[{"href":"https:\/\/www.tierphotografie.com\/index.php?rest_route=\/wp\/v2\/types\/page"}],"author":[{"embeddable":true,"href":"https:\/\/www.tierphotografie.com\/index.php?rest_route=\/wp\/v2\/users\/1"}],"replies":[{"embeddable":true,"href":"https:\/\/www.tierphotografie.com\/index.php?rest_route=%2Fwp%2Fv2%2Fcomments&post=9"}],"version-history":[{"count":24,"href":"https:\/\/www.tierphotografie.com\/index.php?rest_route=\/wp\/v2\/pages\/9\/revisions"}],"predecessor-version":[{"id":486,"href":"https:\/\/www.tierphotografie.com\/index.php?rest_route=\/wp\/v2\/pages\/9\/revisions\/486"}],"wp:attachment":[{"href":"https:\/\/www.tierphotografie.com\/index.php?rest_route=%2Fwp%2Fv2%2Fmedia&parent=9"}],"curies":[{"name":"wp","href":"https:\/\/api.w.org\/{rel}","templated":true}]}}