{"id":4,"date":"2010-01-11T19:03:20","date_gmt":"2010-01-11T19:03:20","guid":{"rendered":"http:\/\/www.tierphotografie.com\/?page_id=4"},"modified":"2019-01-05T12:35:35","modified_gmt":"2019-01-05T11:35:35","slug":"portfolio","status":"publish","type":"page","link":"https:\/\/www.tierphotografie.com\/?page_id=4","title":{"rendered":"Portfolio"},"content":{"rendered":"<p style=\"text-align: center;\">Hier k\u00f6nnen Sie sich einen kleinen \u00dcberblick \u00fcber meine Arbeiten machen. Einfach auf das Bild klicken. Weitere Fotos finden Sie <strong><span style=\"color: #ff0000;\"><span style=\"color: #000000;\"><span style=\"font-weight: normal;\">in der<\/span><\/span> <a href=\"http:\/\/www.fotocommunity.de\/pc\/pc\/mypics\/586513\" target=\"_blank\" rel=\"noopener\"><span style=\"color: #ff0000;\">f<\/span><span style=\"color: #ff0000;\">otocommunity<\/span><\/a> <span style=\"color: #000000;\"><span style=\"font-weight: normal;\">oder bei<\/span><\/span> <a href=\"https:\/\/juniors.wg.picturemaxx.com\/?LCID=3\">Juni<\/a><\/span><\/strong><strong><span style=\"color: #ff0000;\"><a href=\"https:\/\/juniors.wg.picturemaxx.com\/?LCID=3\">ors Bildarchiv GmbH<\/a><\/span>.<\/strong><\/p>\n<p style=\"text-align: center;\">Sollten Sie bestimmte Fotos suchen, sprechen Sie mich an. Vielleicht werden wir gemeinsam in meinem Bildarchiv f\u00fcndig.<\/p>\n<p><a href=\"?page_id=197\"><img decoding=\"async\" class=\"alignleft\" src=\"http:\/\/www.tierphotografie.com\/wp-content\/uploads\/2010\/02\/hunde.jpg\" alt=\"Hunde\"> <\/a><a href=\"?page_id=204\"><img decoding=\"async\" src=\"http:\/\/www.tierphotografie.com\/wp-content\/uploads\/2010\/02\/pferde.jpg\" alt=\"Pferde\"><\/a><a href=\"http:\/\/www.tierphotografie.com\/?attachment_id=660\" rel=\"attachment wp-att-660\">&nbsp;<\/a><a href=\"?page_id=623\" rel=\"https:\/\/www.tierphotografie.com\/?page_id=623\"><img loading=\"lazy\" decoding=\"async\" class=\"alignnone wp-image-660\" src=\"http:\/\/www.tierphotografie.com\/wp-content\/uploads\/2019\/01\/6R7J5356.jpg\" alt=\"\" width=\"297\" height=\"185\" srcset=\"https:\/\/www.tierphotografie.com\/wp-content\/uploads\/2019\/01\/6R7J5356.jpg 1900w, https:\/\/www.tierphotografie.com\/wp-content\/uploads\/2019\/01\/6R7J5356-300x187.jpg 300w, https:\/\/www.tierphotografie.com\/wp-content\/uploads\/2019\/01\/6R7J5356-768x479.jpg 768w, https:\/\/www.tierphotografie.com\/wp-content\/uploads\/2019\/01\/6R7J5356-1024x638.jpg 1024w\" sizes=\"(max-width: 297px) 100vw, 297px\" \/><\/a>&nbsp; <a href=\"https:\/\/www.tierphotografie.com\/?page_id=202\" rel=\"https:\/\/www.tierphotografie.com\/?page_id=202\"><img loading=\"lazy\" decoding=\"async\" class=\"alignleft wp-image-638\" src=\"http:\/\/www.tierphotografie.com\/wp-content\/uploads\/2019\/01\/6R7J6192.jpg\" alt=\"\" width=\"295\" height=\"207\" srcset=\"https:\/\/www.tierphotografie.com\/wp-content\/uploads\/2019\/01\/6R7J6192.jpg 1900w, https:\/\/www.tierphotografie.com\/wp-content\/uploads\/2019\/01\/6R7J6192-300x210.jpg 300w, https:\/\/www.tierphotografie.com\/wp-content\/uploads\/2019\/01\/6R7J6192-768x538.jpg 768w, https:\/\/www.tierphotografie.com\/wp-content\/uploads\/2019\/01\/6R7J6192-1024x718.jpg 1024w\" sizes=\"(max-width: 295px) 100vw, 295px\" \/><\/a><\/p>\n","protected":false},"excerpt":{"rendered":"<p>Hier k\u00f6nnen Sie sich einen kleinen \u00dcberblick \u00fcber meine Arbeiten machen. Einfach auf das Bild klicken. Weitere Fotos finden Sie in der fotocommunity oder bei Juniors Bildarchiv GmbH. Sollten Sie bestimmte Fotos suchen, sprechen Sie mich an. Vielleicht werden wir gemeinsam in meinem Bildarchiv f\u00fcndig. &nbsp;&nbsp;<\/p>\n","protected":false},"author":1,"featured_media":0,"parent":0,"menu_order":4,"comment_status":"closed","ping_status":"open","template":"","meta":{"ngg_post_thumbnail":0,"footnotes":""},"_links":{"self":[{"href":"https:\/\/www.tierphotografie.com\/index.php?rest_route=\/wp\/v2\/pages\/4"}],"collection":[{"href":"https:\/\/www.tierphotografie.com\/index.php?rest_route=\/wp\/v2\/pages"}],"about":[{"href":"https:\/\/www.tierphotografie.com\/index.php?rest_route=\/wp\/v2\/types\/page"}],"author":[{"embeddable":true,"href":"https:\/\/www.tierphotografie.com\/index.php?rest_route=\/wp\/v2\/users\/1"}],"replies":[{"embeddable":true,"href":"https:\/\/www.tierphotografie.com\/index.php?rest_route=%2Fwp%2Fv2%2Fcomments&post=4"}],"version-history":[{"count":70,"href":"https:\/\/www.tierphotografie.com\/index.php?rest_route=\/wp\/v2\/pages\/4\/revisions"}],"predecessor-version":[{"id":753,"href":"https:\/\/www.tierphotografie.com\/index.php?rest_route=\/wp\/v2\/pages\/4\/revisions\/753"}],"wp:attachment":[{"href":"https:\/\/www.tierphotografie.com\/index.php?rest_route=%2Fwp%2Fv2%2Fmedia&parent=4"}],"curies":[{"name":"wp","href":"https:\/\/api.w.org\/{rel}","templated":true}]}}