{"id":35,"date":"2010-01-11T19:47:34","date_gmt":"2010-01-11T19:47:34","guid":{"rendered":"http:\/\/www.tierphotografie.com\/?page_id=35"},"modified":"2010-08-04T17:18:40","modified_gmt":"2010-08-04T17:18:40","slug":"fotoshootings","status":"publish","type":"page","link":"https:\/\/www.tierphotografie.com\/?page_id=35","title":{"rendered":"Fotoshootings"},"content":{"rendered":"<p>Ich biete Fotoshootings, derzeit haupts\u00e4chlich Outdoor, das ganze Jahr \u00fcber an und da ich mein Bildarchiv stets erweitern m\u00f6chte, bin immer auf der Suche nach neuen Models.<\/p>\n<p>Voraussetzungen hierf\u00fcr sind gutes Wetter, gute Laune und das  Lieblingsspielzeug bzw. Leckerchen f\u00fcr ihren Liebsten. Das Tier mu\u00df nat\u00fcrlich gesund sein!<\/p>\n<p>F\u00fcr ein Shooting sollten Sie einige Zeit einplanen, denn das erm\u00f6glicht einen stre\u00dffreien Ablauf.<\/p>\n<p>Haben Sie besondere W\u00fcnsche, dann lassen Sie uns Ihre Ideen gemeinsam ausarbeiten.<\/p>\n<p>Egal ob Fotos f\u00fcr das private Fotoalbum, Zucht, Events, Einzel- oder Sammelshootings, sprechen Sie mich an. Wir erarbeiten gemeinsam ein passendes Angebot.<\/p>\n<p>Ebenso erstelle ich gerne f\u00fcr Sie einen individuellen Kalender, ein Fotobuch, T-Shirts, Fototassen oder lassen Sie das Lieblingsfoto auf eine Leinwand ziehen.<\/p>\n<p><strong>Hinweise zum Urheberrecht:<\/strong><\/p>\n<p>Die bei den Shootings entstandenen Fotos unterliegen dem Copyright und damit verbleiben die Nutzungsrechte beim Fotografen. Die Ver\u00f6ffentlichung der Ihnen \u00fcberlassenen Fotos im Web ist Ihnen ausschlie\u00dflich f\u00fcr private Zwecke gestattet. Ver\u00e4nderungen oder Entfernen des Copyrights ist nicht zul\u00e4ssig und hat rechtliche Konsequenzen.<\/p>\n","protected":false},"excerpt":{"rendered":"<p>Ich biete Fotoshootings, derzeit haupts\u00e4chlich Outdoor, das ganze Jahr \u00fcber an und da ich mein Bildarchiv stets erweitern m\u00f6chte, bin immer auf der Suche nach neuen Models. Voraussetzungen hierf\u00fcr sind gutes Wetter, gute Laune und das Lieblingsspielzeug bzw. Leckerchen f\u00fcr ihren Liebsten. Das Tier mu\u00df nat\u00fcrlich gesund sein! F\u00fcr ein Shooting sollten Sie einige Zeit [&hellip;]<\/p>\n","protected":false},"author":1,"featured_media":0,"parent":0,"menu_order":2,"comment_status":"closed","ping_status":"open","template":"","meta":{"ngg_post_thumbnail":0,"footnotes":""},"_links":{"self":[{"href":"https:\/\/www.tierphotografie.com\/index.php?rest_route=\/wp\/v2\/pages\/35"}],"collection":[{"href":"https:\/\/www.tierphotografie.com\/index.php?rest_route=\/wp\/v2\/pages"}],"about":[{"href":"https:\/\/www.tierphotografie.com\/index.php?rest_route=\/wp\/v2\/types\/page"}],"author":[{"embeddable":true,"href":"https:\/\/www.tierphotografie.com\/index.php?rest_route=\/wp\/v2\/users\/1"}],"replies":[{"embeddable":true,"href":"https:\/\/www.tierphotografie.com\/index.php?rest_route=%2Fwp%2Fv2%2Fcomments&post=35"}],"version-history":[{"count":10,"href":"https:\/\/www.tierphotografie.com\/index.php?rest_route=\/wp\/v2\/pages\/35\/revisions"}],"predecessor-version":[{"id":83,"href":"https:\/\/www.tierphotografie.com\/index.php?rest_route=\/wp\/v2\/pages\/35\/revisions\/83"}],"wp:attachment":[{"href":"https:\/\/www.tierphotografie.com\/index.php?rest_route=%2Fwp%2Fv2%2Fmedia&parent=35"}],"curies":[{"name":"wp","href":"https:\/\/api.w.org\/{rel}","templated":true}]}}